{"id":4960,"date":"2025-05-21T20:14:14","date_gmt":"2025-05-21T20:14:14","guid":{"rendered":"https:\/\/skylimit24.com\/?page_id=4960"},"modified":"2025-05-21T20:18:56","modified_gmt":"2025-05-21T20:18:56","slug":"privacy-policy-pl-popr","status":"publish","type":"page","link":"https:\/\/skylimit24.com\/?page_id=4960","title":{"rendered":"Privacy Policy (PL)"},"content":{"rendered":"\t\t<div data-elementor-type=\"wp-page\" data-elementor-id=\"4960\" class=\"elementor elementor-4960\" data-elementor-post-type=\"page\">\n\t\t\t\t<div class=\"elementor-element elementor-element-890d22e e-flex e-con-boxed e-con e-parent\" data-id=\"890d22e\" data-element_type=\"container\" data-settings=\"{&quot;background_background&quot;:&quot;gradient&quot;,&quot;enable_glow_container&quot;:&quot;no&quot;}\">\n\t\t\t\t\t<div class=\"e-con-inner\">\n\t\t\t\t<div class=\"elementor-element elementor-element-a237217 elementor-widget elementor-widget-heading\" data-id=\"a237217\" data-element_type=\"widget\" data-settings=\"{&quot;enable_morphing_gradients_background&quot;:&quot;yes&quot;,&quot;animation_gradient_type&quot;:&quot;type1&quot;,&quot;gradient_speed&quot;:1000,&quot;animation_gradient_color_mix&quot;:&quot;linear&quot;}\" data-widget_type=\"heading.default\">\n\t\t\t\t<div class=\"elementor-widget-container\">\n\t\t\t<style>\/*! elementor - v3.23.0 - 15-07-2024 *\/\n.elementor-heading-title{padding:0;margin:0;line-height:1}.elementor-widget-heading .elementor-heading-title[class*=elementor-size-]>a{color:inherit;font-size:inherit;line-height:inherit}.elementor-widget-heading .elementor-heading-title.elementor-size-small{font-size:15px}.elementor-widget-heading .elementor-heading-title.elementor-size-medium{font-size:19px}.elementor-widget-heading .elementor-heading-title.elementor-size-large{font-size:29px}.elementor-widget-heading .elementor-heading-title.elementor-size-xl{font-size:39px}.elementor-widget-heading .elementor-heading-title.elementor-size-xxl{font-size:59px}<\/style><div data-scribble-type=\"basicUnderline\" class=\"cew-scribble-text\"><h1 class=\"elementor-heading-title elementor-size-default\">Polityka Prywatno\u015bci<\/h1><\/div>\t\t<\/div>\n\t\t\t\t<\/div>\n\t\t<div class=\"elementor-element elementor-element-e6fb9a2 e-con-full e-flex e-con e-child\" data-id=\"e6fb9a2\" data-element_type=\"container\" data-settings=\"{&quot;enable_glow_container&quot;:&quot;no&quot;}\">\n\t\t\t\t<div class=\"elementor-element elementor-element-25248ea elementor-widget__width-initial elementor-widget elementor-widget-text-editor\" data-id=\"25248ea\" data-element_type=\"widget\" data-widget_type=\"text-editor.default\">\n\t\t\t\t<div class=\"elementor-widget-container\">\n\t\t\t<style>\/*! elementor - v3.23.0 - 15-07-2024 *\/\n.elementor-widget-text-editor.elementor-drop-cap-view-stacked .elementor-drop-cap{background-color:#69727d;color:#fff}.elementor-widget-text-editor.elementor-drop-cap-view-framed .elementor-drop-cap{color:#69727d;border:3px solid;background-color:transparent}.elementor-widget-text-editor:not(.elementor-drop-cap-view-default) .elementor-drop-cap{margin-top:8px}.elementor-widget-text-editor:not(.elementor-drop-cap-view-default) .elementor-drop-cap-letter{width:1em;height:1em}.elementor-widget-text-editor .elementor-drop-cap{float:left;text-align:center;line-height:1;font-size:50px}.elementor-widget-text-editor .elementor-drop-cap-letter{display:inline-block}<\/style>\t\t\t\t<p><strong>I. Postanowienia Og\u00f3lne<\/strong><\/p><ol><li>Polityka prywatno\u015bci okre\u015bla, jak zbierane, przetwarzane i przechowywane s\u0105 dane osobowe U\u017cytkownik\u00f3w niezb\u0119dne do \u015bwiadczenia us\u0142ug drog\u0105 elektroniczn\u0105 za po\u015brednictwem serwisu internetowego\u00a0<a href=\"http:\/\/www.skylimit24.com\">skylimit24.com<\/a>\u00a0(dalej: Serwis).<\/li><li>Serwis zbiera wy\u0142\u0105cznie dane osobowe niezb\u0119dne do \u015bwiadczenia i rozwoju us\u0142ug w nim oferowanych.<\/li><li>Dane osobowe zbierane za po\u015brednictwem Serwisu s\u0105 przetwarzane zgodnie z\u00a0Rozporz\u0105dzeniem Parlamentu Europejskiego i\u00a0Rady (UE) 2016\/679 z\u00a0dnia 27 kwietnia 2016 r. w\u00a0sprawie ochrony os\u00f3b fizycznych w\u00a0zwi\u0105zku z\u00a0przetwarzaniem danych osobowych i\u00a0w sprawie swobodnego przep\u0142ywu takich danych oraz uchylenia dyrektywy 95\/46\/WE (og\u00f3lne rozporz\u0105dzenie o\u00a0ochronie danych, dalej RODO) oraz ustaw\u0105 o ochronie danych osobowych z dnia 10 maja 2018 r.<\/li><li style=\"list-style-type: none;\">\u00a0<\/li><\/ol><p><strong>II. Administrator Danych<\/strong><\/p><p>Administratorem danych osobowych zbieranych poprzez Serwis jest:<\/p><p><strong>Skylimit sp\u00f3\u0142ka z o.o.<\/strong> z siedzib\u0105 w Warszawie,<\/p><p>Elektronowa 2, 03-219 Warszawa\u00a0<\/p><p>KRS:\u00a00000921141<\/p><p>NIP:\u00a05242925224<\/p><p>REGON:\u00a038993349200000<\/p><p>adres poczty elektronicznej:\u00a0contact@skylimit24.com\u00a0<\/p><p>(dalej: Administrator).<\/p><p><strong>III. Cel zbierania danych osobowych<\/strong><\/p><ol><li>Dane osobowe wykorzystywane s\u0105 w celu:<ul><li>rejestracji konta i weryfikacji to\u017csamo\u015bci U\u017cytkownika,<\/li><li>umo\u017cliwienia logowania do Serwisu,<\/li><li>realizacji umowy dotycz\u0105cej us\u0142ug i e-us\u0142ug,<\/li><li>komunikacji z U\u017cytkownikiem (livechat, formularz kontaktowy itp.)<\/li><li>wysy\u0142ki newslettera (po wyra\u017ceniu zgody U\u017cytkownika na jego otrzymywanie),<\/li><li>prowadzenia systemu komentarzy,<\/li><li>\u015bwiadczenia us\u0142ug spo\u0142eczno\u015bciowych,<\/li><li>promocji oferty Administratora,<\/li><li>marketingu, remarketingu, afiliacji,<\/li><li>personalizacji Serwisu dla U\u017cytkownik\u00f3w,<\/li><li>dzia\u0142a\u0144 analitycznych i statystycznych,<\/li><li>windykacji nale\u017cno\u015bci,<\/li><li>ustalenia i dochodzenia roszcze\u0144\u00a0albo obrony przed nimi.<\/li><\/ul><\/li><\/ol><ol start=\"2\"><li>Podanie danych jest dobrowolne, ale niezb\u0119dne do zawarcia umowy albo skorzystania z innych funkcjonalno\u015bci Serwisu.<\/li><\/ol><p><strong>IV. Rodzaj przetwarzanych danych osobowych<\/strong><\/p><p>Administrator mo\u017ce przetwarza\u0107 dane osobowe U\u017cytkownika: imi\u0119 i nazwisko, data urodzenia, adres zamieszkania, adres e-mail, numer telefonu, NIP.<\/p><p><strong>V. Okres przetwarzania danych osobowych<\/strong><\/p><p>Dane osobowe U\u017cytkownik\u00f3w b\u0119d\u0105 przetwarzane przez okres:<\/p><ul><li>gdy podstaw\u0105 przetwarzania danych jest wykonanie umowy \u2013 do momentu przedawnienia roszcze\u0144 po jej wykonaniu,<\/li><li>gdy podstaw\u0105 przetwarzania danych jest zgoda \u2013 do momentu jej odwo\u0142ania, a\u00a0po odwo\u0142aniu zgody do przedawnienia roszcze\u0144.<\/li><\/ul><p>W obu przypadkach termin przedawnienia wynosi 6 lat, a\u00a0dla roszcze\u0144 o\u00a0\u015bwiadczenia okresowe i roszcze\u0144 dotycz\u0105cych\u00a0prowadzenia dzia\u0142alno\u015bci gospodarczej \u2013 3 lata (je\u015bli przepis szczeg\u00f3lny nie stanowi inaczej).<\/p><p><strong>VI. Udost\u0119pnianie danych osobowych<\/strong><\/p><ol><li>Dane osobowe U\u017cytkownik\u00f3w mog\u0105 by\u0107 przekazywane: podmiotom powi\u0105zanym z Administratorem, jego podwykonawcom, podmiotom wsp\u00f3\u0142pracuj\u0105cym z Administratorem np. firmom obs\u0142uguj\u0105cym e-p\u0142atno\u015bci, firmom \u015bwiadcz\u0105cym us\u0142ugi kurierskie\/pocztowe, kancelariom prawnym.<\/li><li>Dane osobowe U\u017cytkownik\u00f3w\u00a0nie b\u0119d\u0105\u00a0przekazywane poza teren Europejskiego Obszaru Gospodarczego (EOG).<\/li><\/ol><p><strong>VII. Prawa U\u017cytkownik\u00f3w<\/strong><\/p><ol><li>U\u017cytkownik Serwisu ma prawo do: dost\u0119pu do tre\u015bci swoich danych osobowych, ich sprostowania, usuni\u0119cia, ograniczenia przetwarzania, przenoszenia, wniesienia sprzeciwu wobec przetwarzania, cofni\u0119cia zgody w ka\u017cdej chwili (co nie ma\u00a0wp\u0142ywu na zgodno\u015b\u0107 z prawem przetwarzania dokonanego w oparciu o zgod\u0119 przed jej cofni\u0119ciem).<\/li><li>Zg\u0142oszenie o wyst\u0105pieniu przez U\u017cytkownika z\u00a0uprawnieniem wynikaj\u0105cym z\u00a0wymienionych praw nale\u017cy przes\u0142a\u0107 na adres <strong>contact@skylimit24.com<\/strong><\/li><li>Administrator spe\u0142nia lub odmawia\u00a0spe\u0142nienia \u017c\u0105dania\u00a0niezw\u0142ocznie \u2013 maksymalnie w ci\u0105gu miesi\u0105ca od jego otrzymania.<\/li><li>U\u017cytkownik ma prawo z\u0142o\u017cy\u0107 skarg\u0119 do Prezesa Urz\u0119du Ochrony Danych Osobowych, je\u015bli uzna, \u017ce przetwarzanie narusza jego prawa i wolno\u015bci (RODO).<\/li><\/ol><p><strong>VIII. Pliki Cookies<\/strong><\/p><ol><li>Serwis zbiera informacje za pomoc\u0105 plik\u00f3w cookies \u2013 sesyjnych, sta\u0142ych i podmiot\u00f3w zewn\u0119trznych.<\/li><li>Zbieranie plik\u00f3w cookies wspiera poprawne \u015bwiadczenie us\u0142ug w Serwisie i s\u0142u\u017cy celom statystycznym.<\/li><li>U\u017cytkownik mo\u017ce okre\u015bli\u0107 zakres dost\u0119pu plik\u00f3w cookies do swojego urz\u0105dzenia w ustawieniach przegl\u0105darki.<\/li><\/ol><p><strong>IX. Zautomatyzowane podejmowanie decyzji i profilowanie<\/strong><\/p><ol><li>Dane U\u017cytkownik\u00f3w nie mog\u0105 by\u0107\u00a0przetwarzane w zautomatyzowany spos\u00f3b tak, \u017ce na skutek tego mog\u0142yby zapa\u015b\u0107 wobec nich jakiekolwiek decyzje.<\/li><li>Dane U\u017cytkownik\u00f3w mog\u0105 by\u0107 profilowane celem dostosowania tre\u015bci i personalizacji oferty po wyra\u017ceniu przez nich zgody.<\/li><\/ol><p><strong>X.\u00a0<\/strong><strong>Postanowienia ko\u0144cowe<\/strong><\/p><ol><li>Administrator ma prawo do wprowadzenia zmian w Polityce prywatno\u015bci, przy czym prawa U\u017cytkownik\u00f3w nie zostan\u0105 ograniczone.<\/li><li>Informacja o wprowadzonych zmianach pojawi si\u0119 w formie komunikatu dost\u0119pnego w Serwisie.<\/li><li>W sprawach nieuregulowanych w niniejszej Polityce prywatno\u015bci obowi\u0105zuj\u0105 przepisy RODO i przepisy prawa polskiego.<\/li><\/ol>\t\t\t\t\t\t<\/div>\n\t\t\t\t<\/div>\n\t\t\t\t<\/div>\n\t\t\t\t\t<\/div>\n\t\t\t\t<\/div>\n\t\t\t\t<\/div>\n\t\t","protected":false},"excerpt":{"rendered":"<p>Polityka Prywatno\u015bci I. Postanowienia Og\u00f3lne Polityka prywatno\u015bci okre\u015bla, jak zbierane, przetwarzane i przechowywane s\u0105 dane osobowe U\u017cytkownik\u00f3w niezb\u0119dne do \u015bwiadczenia us\u0142ug drog\u0105 elektroniczn\u0105 za po\u015brednictwem serwisu internetowego\u00a0skylimit24.com\u00a0(dalej: Serwis). Serwis zbiera wy\u0142\u0105cznie dane osobowe niezb\u0119dne do \u015bwiadczenia i rozwoju us\u0142ug w nim oferowanych. Dane osobowe zbierane za po\u015brednictwem Serwisu s\u0105 przetwarzane zgodnie z\u00a0Rozporz\u0105dzeniem Parlamentu Europejskiego i\u00a0Rady [&hellip;]<\/p>\n","protected":false},"author":3,"featured_media":0,"parent":0,"menu_order":0,"comment_status":"closed","ping_status":"closed","template":"","meta":{"footnotes":""},"class_list":["post-4960","page","type-page","status-publish","hentry"],"_links":{"self":[{"href":"https:\/\/skylimit24.com\/index.php?rest_route=\/wp\/v2\/pages\/4960","targetHints":{"allow":["GET"]}}],"collection":[{"href":"https:\/\/skylimit24.com\/index.php?rest_route=\/wp\/v2\/pages"}],"about":[{"href":"https:\/\/skylimit24.com\/index.php?rest_route=\/wp\/v2\/types\/page"}],"author":[{"embeddable":true,"href":"https:\/\/skylimit24.com\/index.php?rest_route=\/wp\/v2\/users\/3"}],"replies":[{"embeddable":true,"href":"https:\/\/skylimit24.com\/index.php?rest_route=%2Fwp%2Fv2%2Fcomments&post=4960"}],"version-history":[{"count":5,"href":"https:\/\/skylimit24.com\/index.php?rest_route=\/wp\/v2\/pages\/4960\/revisions"}],"predecessor-version":[{"id":4968,"href":"https:\/\/skylimit24.com\/index.php?rest_route=\/wp\/v2\/pages\/4960\/revisions\/4968"}],"wp:attachment":[{"href":"https:\/\/skylimit24.com\/index.php?rest_route=%2Fwp%2Fv2%2Fmedia&parent=4960"}],"curies":[{"name":"wp","href":"https:\/\/api.w.org\/{rel}","templated":true}]}}